{"id":47,"date":"2025-10-29T11:09:37","date_gmt":"2025-10-29T10:09:37","guid":{"rendered":"https:\/\/expertai2025.test\/es\/?page_id=47"},"modified":"2025-12-16T09:15:31","modified_gmt":"2025-12-16T08:15:31","slug":"condiciones-de-uso","status":"publish","type":"page","link":"https:\/\/expertai2025.sitointest.it\/es\/condiciones-de-uso\/","title":{"rendered":"Condiciones de uso"},"content":{"rendered":"\n<h3 class=\"wp-block-heading Heading3\"><strong>T\u00e9rminos y condiciones de uso<\/strong><\/h3>\n\n\n\n<p>Con las presentes condiciones (en adelante, los \u201c<strong>T\u00e9rminos de Uso<\/strong>\u201d o \u201c<strong>Condiciones de uso<\/strong>\u201d), Expert.ai S.p.A., con domicilio social en Rovereto (38068 \u2013 Trento), Via Fortunato Zeni, n.\u00ba 8, NIF 02608970360 (\u201c<strong>expert.ai<\/strong>\u201d), establece las normas para el acceso y la navegaci\u00f3n en el sitio web <a href=\"http:\/\/www.expert.ai\/\">www.expert.ai<\/a> (el \u201c<strong>Sitio Web<\/strong>\u201d) y la utilizaci\u00f3n de los servicios ofrecidos (en adelante, los \u201c<strong>Servicios<\/strong>\u201d). El sujeto que navega por el Sitio Web y utiliza los Servicios (por ejemplo, solicitud de una demo, suscripci\u00f3n al bolet\u00edn, etc.) se define en adelante como el \u201c<strong>Usuario<\/strong>\u201d y se compromete a aceptar y respetar los T\u00e9rminos de Uso.<\/p>\n\n\n\n<p><strong>Aceptaci\u00f3n de los T\u00e9rminos de Uso. Remisi\u00f3n<\/strong><\/p>\n\n\n\n<p>Al acceder al Sitio Web o utilizar los Servicios ofrecidos, el Usuario acepta quedar vinculado por estos T\u00e9rminos de Uso. Si no desea aceptar los T\u00e9rminos de Uso, no debe utilizar los Servicios ofrecidos ni el Sitio Web.<\/p>\n\n\n\n<p>Al acceder al Sitio Web, el Usuario declara y garantiza que tiene el derecho, la autoridad y la capacidad para aceptar y cumplir estos T\u00e9rminos de Uso.<\/p>\n\n\n\n<p>Expert.ai invita a los Usuarios a revisar peri\u00f3dicamente los T\u00e9rminos de Uso, tambi\u00e9n con el fin de comprobar la existencia de posibles actualizaciones o modificaciones, consultando la p\u00e1gina <strong>Condiciones de uso<\/strong> del Sitio Web.<\/p>\n\n\n\n<p>Para el tratamiento de los datos personales del Usuario, se remite \u00edntegramente a la <strong>Pol\u00edtica de Privacidad<\/strong> del Sitio Web; dicha Pol\u00edtica de Privacidad debe entenderse como \u00edntegramente reproducida aqu\u00ed y parte integrante de estos T\u00e9rminos de Uso.<\/p>\n\n\n\n<p><strong>Acceso al Sitio<\/strong> <strong>Web y a los Servicios y modalidades de utilizaci\u00f3n de los mismos<\/strong><\/p>\n\n\n\n<p>El acceso y el uso del Sitio Web presuponen la lectura, el conocimiento y la aceptaci\u00f3n de estos T\u00e9rminos de Uso. Los Servicios presentes en el Sitio Web son libres y gratuitos.<\/p>\n\n\n\n<p>Expert.ai no garantiza el acceso continuo e ininterrumpido al Sitio Web y a los Servicios, que, entre otros, puede verse condicionado por diversos factores ajenos a su control. El acceso al Sitio Web podr\u00e1 ser suspendido y\/o interrumpido discrecionalmente por Expert.ai, a t\u00edtulo enunciativo, por motivos t\u00e9cnicos de cualquier \u00edndole, por decisiones empresariales, por la concurrencia de caso fortuito o fuerza mayor, por la infracci\u00f3n de las obligaciones del Usuario que se exponen a continuaci\u00f3n, sin que, en ning\u00fan caso, este \u00faltimo tenga nada que reclamar a expert.ai.<\/p>\n\n\n\n<p>Expert.ai se reserva&nbsp; el derecho de realizar cambios en el Sitio Web y en los Servicios, as\u00ed como en las relativas modalidades de acceso y prestaci\u00f3n. En tal caso, el Usuario podr\u00e1&nbsp; negarse a aceptar dichas modificaciones cesando simplemente el acceso al Sitio Web y el uso de los Servicios.<\/p>\n\n\n\n<p>Expert.ai podr\u00e1 modificar o simplemente actualizar, en todo o en parte, estos T\u00e9rminos de Uso; tales modificaciones estar\u00e1n disponibles en el Sitio Web tan pronto como se adopten. A tal fin, el Usuario podr\u00e1 consultar la p\u00e1gina <strong>Condiciones de uso<\/strong> del Sitio Web.<\/p>\n\n\n\n<p>Al acceder al Sitio Web, el Usuario declara y garantiza haber le\u00eddo, comprendido y aceptado: 1) quedar vinculado por los T\u00e9rminos de Uso que establecen las condiciones de uso del Sitio Web y de los Servicios; 2) tener t\u00edtulo y capacidad jur\u00eddica para aceptar y cumplir los T\u00e9rminos de Uso; y 3) haberse comprometido a respetar las leyes y normativas aplicables relativas al acceso y uso del Sitio Web y de los Servicios, referidas a la protecci\u00f3n de datos personales, a los derechos de autor y de propiedad industrial, y a la lucha contra los delitos inform\u00e1ticos.<\/p>\n\n\n\n<p>Para poder utilizar algunos de nuestros Servicios, el Usuario podr\u00eda estar obligado a registrarse o a completar un formulario con datos personales, desde el que es posible solicitar la suscripci\u00f3n a Servicios, credenciales de registro para acceder a los Servicios o la descarga de materiales.<\/p>\n\n\n\n<p>En tales casos, es necesario completar el procedimiento correspondiente o contactar con expert.ai facilitando informaci\u00f3n actual, completa y exacta seg\u00fan se requiera en el formulario en l\u00ednea correspondiente.<\/p>\n\n\n\n<p>Es responsabilidad del Usuario mantener actualizados y precisos los datos proporcionados en cada momento,&nbsp; as\u00ed como de todas las p\u00e9rdidas derivadas del incumplimiento de estas obligaciones.<\/p>\n\n\n\n<p>El Usuario reconoce y declara ser el \u00fanico responsable de la veracidad y exactitud de la informaci\u00f3n y de los datos personales facilitados.<\/p>\n\n\n\n<p><strong>Uso no autorizado del Sitio Web y de los Servicios<\/strong><\/p>\n\n\n\n<p>El Usuario se compromete a no utilizar el Sitio Web ni los Servicios para cualquier fin ilegal, obsceno, injurioso, ofensivo, molesto, impropio o discutible, para vender u ofrecer la venta de bienes o servicios; para realizar o reenviar encuestas, concursos o cartas en cadena; o para cualquier fin prohibido por los T\u00e9rminos de Uso y por las leyes aplicables.<\/p>\n\n\n\n<p>El Usuario se compromete a no publicar ni almacenar en el Sitio Web ning\u00fan software, informaci\u00f3n, dato, base de datos, m\u00fasica, archivo de audio, v\u00eddeo o audio-v\u00eddeo, fotograf\u00edas, im\u00e1genes, documentos, texto, archivos digitales u otro material que infrinja derechos de propiedad intelectual (incluidos derechos de autor, marcas, secretos comerciales, patentes, derechos de publicidad o, en la medida en que sea tutelable, ideas reservadas).&nbsp; Cualquier uso ilegal o no autorizad del Sitio Web, incluidos, a t\u00edtulo meramente enunciativo y no limitativo, el enmarcado del Sitio Web o el enlacea sitios web<\/p>\n\n\n\n<p>&nbsp;no autorizados o el uso no autorizado de cualquier robot, <em>spider<\/em> u otro dispositivo autom\u00e1tico en el Sitio, ser\u00e1&nbsp; investigado y sometido a cuantas acciones legales se consideren oportunas,&nbsp; incluyendo acciones ante los tribunales civiles.<\/p>\n\n\n\n<p>El Usuario se compromete a no utilizar el Sitio Web y los Servicios para fines ilegales, il\u00edcitos, contrarios al orden p\u00fablico, a las buenas costumbres o lesivos de derechos de terceros; a no transmitir material y\/o mensajes que animen a terceros a llevar a cabo conductas il\u00edcitas y\/o delictivas susceptibles de responsabilidad penal, civil o administrativa; a no realizar acciones que den lugar a una carga irrazonable o a una carga inform\u00e1tica excesiva sobre el sistema del Sitio Web.<\/p>\n\n\n\n<p>Se proh\u00edbe utilizar cualquier pr\u00e1ctica autom\u00e1tica o manual, dispositivo, proceso, software, programa, algoritmo, metodolog\u00eda o rutina, incluidos, a t\u00edtulo enunciativo y no limitativo, \u201crobots\u201d, \u201cspiders\u201d u otros procesos o funcionalidades similares para interferir o intentar interferir con el Sitio Web o los Servicios.<\/p>\n\n\n\n<p>El Usuario no debe utilizar el Sitio Web y los Servicios con el fin o de manera que cause da\u00f1o a expert.ai o a tercerosy, por lo tanto, deber\u00e1 abstenerse de utilizarlos para realizar actividades&nbsp; competidoras, o en cualquier caso de manera que cause da\u00f1o o perjuicio a los intereses, tambi\u00e9n econ\u00f3micos, as\u00ed como la reputaci\u00f3n de expert.ai, de otros usuarios o de terceros.<\/p>\n\n\n\n<p>Expert.ai se reserva el derecho de terminar el acceso al Sitio Web y a los Servicios sin previo aviso y de suprimir los datos facilitados en caso de incumplimiento de los T\u00e9rminos de Uso.<\/p>\n\n\n\n<p>En caso de que expert.ai reciba comunicaciones relativas a posibles reclamaciones o infracciones por parte de los Usuarios, o sospeche que el uso de los Servicios infringe los T\u00e9rminos de Uso y, en particular, los derechos de propiedad intelectual de expert.ai o de terceros, u otras leyes aplicables, expert.ai podr\u00e1, a su exclusivo criterio, suspender o terminar el acceso al Sitio Web y a los Servicios, sin previo aviso.<\/p>\n\n\n\n<p><strong>Limitaciones de uso<\/strong><\/p>\n\n\n\n<p>Se entiende concedida una licencia no exclusiva para visualizar el contenido en el Sitio Web, pero \u00fanicamente durante el acceso al mismo. Salvo en la medida necesaria para el limitado prop\u00f3sito de revisi\u00f3n del material en el Sitio Web, queda prohibida la reproducci\u00f3n electr\u00f3nica, adaptaci\u00f3n, distribuci\u00f3n, ejecuci\u00f3n o visualizaci\u00f3n. El uso comercial de cualquier contenido con fines lucrativos est\u00e1 estrictamente prohibido. El uso de cualquiera de nuestras marcas como <em>metatags<\/em> en otros sitios web est\u00e1 estrictamente prohibido.<\/p>\n\n\n\n<p>El permiso para utilizar el Sitio Web y los Servicios se considerar\u00e1 autom\u00e1ticamente revocado en caso de infracci\u00f3n, total o parcial, de los T\u00e9rminos de Uso y de las leyes aplicables.<\/p>\n\n\n\n<p>El Usuario tiene la facultad de visitar, ver y conservar una copia de las p\u00e1ginas del Sitio Web para uso personal, comprometi\u00e9ndose a no duplicar, descargar, publicar, modificar o, de otra manera, distribuir el material del Sitio Web para cualquier uso comercial o para cualquier fin distinto del descrito en estos T\u00e9rminos de Uso.<\/p>\n\n\n\n<p>El Usuario&nbsp; tambi\u00e9n se compromete a no realizar enlaces profundos (deep-link) al Sitio Web para ning\u00fan prop\u00f3sit, salvo que cuente con autorizaci\u00f3n espec\u00edfica de expert.ai (por ejemplo, a trav\u00e9s de funcionalidades ofrecidas mediante el Sitio Web).<\/p>\n\n\n\n<p><strong>Publicaci\u00f3n de contenidos o <\/strong><strong><em>linking<\/em><\/strong><strong> de fuentes<\/strong><\/p>\n\n\n\n<p>Expert.ai se reserva la facultad de negarse a publicar o de eliminar cualquier contenido del Usuario o una fuente enlazada, por ejemplo si contiene o presenta cualquiera de los siguientes contenidos inaceptables:<\/p>\n\n\n\n<ul class=\"wp-block-list\">\n<li>lenguaje ofensivo, da\u00f1ino y\/o injurioso, incluidas, sin limitaci\u00f3n alguna: blasfemias, obscenidades, acoso, vulgaridades, lenguaje sexualmente expl\u00edcito e incitaci\u00f3n al odio (por ejemplo, discurso racista\/discriminatorio);<\/li>\n\n\n\n<li>referencias a actividades ilegales y\/o il\u00edcitas, imposiciones intencionales de sobreprecios, publicidad enga\u00f1osa o violaciones del derecho a la salud (por ejemplo, intoxicaci\u00f3n alimentaria, objetos extra\u00f1os en la comida, etc.);<\/li>\n\n\n\n<li>mensajes de comentario sobre otros usuarios;<\/li>\n\n\n\n<li>contenidos que incluyan ataques personales o describan enfrentamientos f\u00edsicos y\/o acoso sexual;<\/li>\n\n\n\n<li>contenidos de naturaleza publicitaria o comercial, o que resulten inapropiados en funci\u00f3n del objeto al que se refieran;<\/li>\n\n\n\n<li>lenguaje que vulnere las normas del buen gusto o los est\u00e1ndares del Sitio Web, seg\u00fan determine expert.ai a su exclusiva discreci\u00f3n;<\/li>\n\n\n\n<li>contenido que expert.ai considere ilegal, o en infracci\u00f3n de cualquier ley o normativa comunitaria, estatal o local, o de los derechos de cualquier otra persona f\u00edsica o jur\u00eddica;<\/li>\n\n\n\n<li>lenguaje destinado a imitar a otros usuarios (incluidos los nombres de otras personas) o nombres o firmas de usuario inapropiados u ofensivos;<\/li>\n\n\n\n<li>contenido cifrado o que contenga virus, <em>trojans<\/em>, <em>worms<\/em>, <em>time bombs<\/em>, <em>robots<\/em> u otras rutinas inform\u00e1ticas destinadas a da\u00f1ar, interferir, interceptar o apropiarse de cualquier sistema, dato o informaci\u00f3n personal.<\/li>\n<\/ul>\n\n\n\n<p><strong>Propiedad industrial e intelectual<\/strong><\/p>\n\n\n\n<p>A excepci\u00f3n de los contenidos facilitados por los Usuarios, o enlazados a o procedentes de una fuente externa, toda la informaci\u00f3n y materiales que aparezcan en el Sitio Web o como parte del Sitio Web y de los Servicios (incluidos textos, gr\u00e1ficos, im\u00e1genes, ilustraciones, dibujos, iconos, fotograf\u00edas, videoclips, audioclips, interfaces, software, logotipos, t\u00edtulos y nombres, en conjunto la \u201c<strong>propiedad intelectual<\/strong>\u201d) son propiedad de expert.ai, salvo que se indique lo contrario por escrito y acordado con los titulares de los derechos, y se rigen por los T\u00e9rminos de Uso.<\/p>\n\n\n\n<p>El Sitio Web y aquello que es objeto de propiedad intelectual est\u00e1n protegidos por las leyes de <em>copyright<\/em>, signos distintivos y marcas vigentes en Italia, as\u00ed como por el Derecho de la Uni\u00f3n Europea, tratados y convenios internacionales, y por las leyes de otros pa\u00edses, cuando sean aplicables.<\/p>\n\n\n\n<p>Salvo respecto a aquella informaci\u00f3n de dominio p\u00fablico o para cuyo uso el Usuario haya sido autorizado por expert.ai, el Usuario no podr\u00e1 utilizar, reproducir, copiar, modificar, publicar, transmitir, distribuir, ejecutar, mostrar, descargar, licenciar, insertar en una base de datos, usar para crear obras derivadas, someter a <em>reverse engineering<\/em>, transferir o vender todo aquello que sea objeto de propiedad intelectual, informaci\u00f3n, software o productos obtenidos de o a trav\u00e9s de este Sitio Web o de los Servicios, total o parcialmente.<\/p>\n\n\n\n<p>El Usuario es responsable del contenido y de los materiales puestos a disposici\u00f3n utilizando el Sitio Web y los Servicios; al poner a disposici\u00f3n materiales y contenidos, el Usuario declara y garantiza que los mismos no infringen los T\u00e9rminos de Uso.<\/p>\n\n\n\n<p>Las marcas, nombres de dominio, logotipos y <em>slogans<\/em> que aparezcan con o est\u00e9n relacionados con los Servicios son titularidad de expert.ai o de sus <em>partners<\/em> comerciales, sociedades vinculadas, agentes o sociedades del Grupo. El Usuario no puede copiar, publicar o utilizar dichas marcas sin el consentimiento previo por escrito de expert.ai o de los terceros leg\u00edtimos titulares de tales derechos.<\/p>\n\n\n\n<p>El uso del Sitio Web y de los Servicios no confiere a los Usuarios ning\u00fan derecho de uso ni licencia de uso o de reproducci\u00f3n de las marcas de expert.ai o de terceros.<\/p>\n\n\n\n<p><strong>Comunicaciones<\/strong><\/p>\n\n\n\n<p>Para comunicarnos cualquier infracci\u00f3n o uso no conforme del Sitio Web o de los Servicios, el Usuario puede escribir a <a href=\"mailto:marketing@expert.ai\"><strong>marketing@expert.ai<\/strong><\/a>.<\/p>\n\n\n\n<p><strong>Limitaciones de responsabilidad<\/strong><\/p>\n\n\n\n<p>Expert.ai&nbsp; no se hace&nbsp; en ning\u00fan caso de la exactitud de la informaci\u00f3n facilitada por los Usuarios. El uso del Sitio Web y de los Servicios corre enteramente por cuenta y riesgo del Usuario.<\/p>\n\n\n\n<p>Aun controlando peri\u00f3dicamente el contenido de las p\u00e1ginas web enlazadas desde el Sitio Web o accesibles desde los <em>banners<\/em> publicitarios (y\/o otros espacios publicitarios) eventualmente presentes en el Sitio Web, expert.ai no puede asumir responsabilidad alguna respecto de los contenidos de las mismas. A pesar del control peri\u00f3dico del Sitio Web, expert.ai no puede garantizar que \u00e9ste est\u00e9 libre de virus u otros programas potencialmente nocivos. Antes de acceder a la red y efectuar cualquier operaci\u00f3n, entre las cuales, en particular, descargar documentos y software, el Usuario debe adoptar siempre las medidas de protecci\u00f3n m\u00e1s actualizadas.<\/p>\n\n\n\n<p>Expert.ai no ser\u00e1 responsable de da\u00f1o alguno, p\u00e9rdida o lucro cesante no imputables a su culpa, directos y\/o indirectos, sufridos por el Usuario o por terceros en relaci\u00f3n con el uso del Sitio Web y de los Servicios o de la informaci\u00f3n contenida en ellos, entre los cuales, a t\u00edtulo enunciativo y no limitativo, p\u00e9rdidas econ\u00f3micas, p\u00e9rdida o corrupci\u00f3n de datos, p\u00e9rdida de beneficios o de intereses, salvo que se haya acordado lo contrario con expert.ai.<\/p>\n\n\n\n<p>La responsabilidad de expert.ai por las p\u00e9rdidas y\/o da\u00f1os sufridos por el Usuario a causa del contenido del Sitio Web o en relaci\u00f3n con los Servicios se limitar\u00e1 a la eliminaci\u00f3n de aqu\u00e9l contenido o material que los haya ocasionado dentro de un plazo razonable o a la adopci\u00f3n de cualquier otra acci\u00f3n que se considere \u00fatil y oportuna.<\/p>\n\n\n\n<p>Existe la posibilidad de que piratas inform\u00e1ticos se introduzcan en el Sitio Web, modificando su contenido e incorporando material perjudicial para el mismo, como virus, <em>trojan horses<\/em>, <em>worms<\/em>, <em>time bombs<\/em>, <em>cancelboots<\/em>, archivos corruptos o cualquier otro tipo de software destructivo que pueda da\u00f1ar el equipamiento inform\u00e1tico o la propiedad de otros. En tal caso, expert.ai no ser\u00e1 en modo alguno responsable de los da\u00f1os, p\u00e9rdidas o alteraciones generados al Usuario por tales terceros. Cuando las circunstancias lo permitan, expert.ai avisar\u00e1 a los Usuarios de la interrupci\u00f3n del funcionamiento normal del Sitio Web y de los Servicios.<\/p>\n\n\n\n<p>Expert.ai no responder\u00e1 en ning\u00fan caso cuando el Usuario intente conectarse al Sitio Web utilizando un ordenador o programas obsoletos respecto de los normalmente utilizados para una conexi\u00f3n a Internet. Expert.ai no responde en ning\u00fan caso de da\u00f1os y perjuicios de cualquier naturaleza provocados por la falta de continuidad, disponibilidad, fiabilidad, usabilidad del Sitio Web y de los Servicios y, en particular, a t\u00edtulo enunciativo y no limitativo, por errores de acceso a los mismos, ni de la rapidez y fiabilidad del acceso del usuario a Internet o a cualquier tipo de red de comunicaci\u00f3n. Expert.ai no responder\u00e1 de las p\u00e9rdidas o de cualquier otra circunstancia derivada de la sustracci\u00f3n, robo o uso de cualquier dato identificativo del Usuario (nombre de usuario y contrase\u00f1a) relativo al Sitio Web.<\/p>\n\n\n\n<p>Cuando la ley aplicable no permita exclusiones o limitaciones de garant\u00edas y responsabilidad frente a los Usuarios, las limitaciones anteriores se aplicar\u00e1n dentro de los l\u00edmites permitidos por la ley.<\/p>\n\n\n\n<p><strong>Indemnizaciones y resarcimientos<\/strong><\/p>\n\n\n\n<p>El Usuario se compromete a indemnizar, defender y mantener indemne a expert.ai, sus agentes, colaboradores, consejeros y empleados de y contra cualquier reclamaci\u00f3n, acci\u00f3n, demanda, responsabilidad, coste y gasto, incluidos, a t\u00edtulo enunciativo y no limitativo, honorarios legales razonables, derivados de la infracci\u00f3n de cualquier disposici\u00f3n de los T\u00e9rminos de Uso, o de cualquier garant\u00eda prestada en este documento, o derivados en cualquier modo del uso del Sitio Web web y\/o de los Servicios.<\/p>\n\n\n\n<p><strong>Modificaci\u00f3n\/desistimiento<\/strong><\/p>\n\n\n\n<p>En el caso de que&nbsp; se d\u00e9 por terminado el acceso del Usuario a los Servicios, el Usuario seguir\u00e1 vinculado por las obligaciones derivadas de estos T\u00e9rminos de Uso y por cualesquiera condiciones adicionales, incluidas las garant\u00edas otorgadas por el Usuario y las exclusiones y limitaciones de responsabilidad. Expert.ai no es, adem\u00e1s, responsable frente al Usuario o frente a terceros por cualquier cese del acceso por parte del Usuario. El Usuario podr\u00e1, en cualquier momento, desistir de los T\u00e9rminos de Uso, cancelando su suscripci\u00f3n a los Servicios, sin perjuicio de lo especificado en el p\u00e1rrafo anterior.<\/p>\n\n\n\n<p><strong>Disposiciones generales<\/strong><\/p>\n\n\n\n<p>Los T\u00e9rminos de Uso, los derechos y obligaciones de los Usuarios y de expert.ai, y todas las acciones previstas en este acuerdo se regir\u00e1n por la <strong>ley italiana<\/strong>. Cualesquiera controversias que surjan entre el Usuario y expert.ai se someten a la competencia exclusiva del <strong>Tribunal de M\u00f3dena<\/strong>, sin perjuicio de cualesquiera distintas atribuciones de competencia dispuestas por la ley a favor del Usuario.<\/p>\n\n\n\n<p>El uso de los Servicios no est\u00e1 autorizado en las jurisdicciones que no reconozcan la validez de todas las disposiciones de estos t\u00e9rminos y condiciones, incluido, sin limitaci\u00f3n alguna, este p\u00e1rrafo.<\/p>\n\n\n\n<p>No existe <em>joint venture<\/em>, asociaci\u00f3n, relaci\u00f3n laboral ni de agencia entre el Usuario y expert.ai como consecuencia de los T\u00e9rminos de Uso o del uso de nuestros Servicios y del Sitio Web.<\/p>\n\n\n\n<p>En caso de invalidez o de inaplicabilidad por ley de cualquier disposici\u00f3n de los T\u00e9rminos de Uso, incluidas, a t\u00edtulo enunciativo y no limitativo, las exclusiones de garant\u00eda y limitaciones de responsabilidad indicadas arriba, las restantes disposiciones seguir\u00e1n teniendo plena vigencia y eficacia, y la disposici\u00f3n inv\u00e1lida y\/o inaplicable se considerar\u00e1 sustituida por la disposici\u00f3n v\u00e1lida y aplicable que m\u00e1s se ajuste a la raz\u00f3n y al esp\u00edritu de la disposici\u00f3n original.<\/p>\n\n\n\n<p>La ejecuci\u00f3n de los T\u00e9rminos de Uso por parte de expert.ai est\u00e1 sujeta a las leyes y procedimientos vigentes y aplicables, y nada de lo contenido en los T\u00e9rminos de Uso menoscaba el derecho de expert.ai a cumplir las solicitudes o requisitos derivados de la aplicaci\u00f3n de dichas leyes.<\/p>\n\n\n\n<p><strong>Versi\u00f3n n.\u00ba 01 de 01\/04\/2020<\/strong><\/p>\n\n\n\n<p><strong>Versi\u00f3n n.\u00ba 02 de 12\/12\/2025<\/strong><\/p>\n","protected":false},"excerpt":{"rendered":"<p>T\u00e9rminos y condiciones de uso Con las presentes condiciones (en adelante, los \u201cT\u00e9rminos de Uso\u201d o \u201cCondiciones de uso\u201d), Expert.ai S.p.A., con domicilio social en Rovereto (38068 \u2013 Trento), Via Fortunato Zeni, n.\u00ba 8, NIF 02608970360 (\u201cexpert.ai\u201d), establece las normas para el acceso y la navegaci\u00f3n en el sitio web www.expert.ai (el \u201cSitio Web\u201d) y &hellip; <a href=\"https:\/\/expertai2025.sitointest.it\/es\/condiciones-de-uso\/\">Continued<\/a><\/p>\n","protected":false},"author":1,"featured_media":0,"parent":0,"menu_order":0,"comment_status":"closed","ping_status":"closed","template":"","meta":{"_acf_changed":false,"footnotes":""},"class_list":["post-47","page","type-page","status-publish","hentry"],"acf":[],"_links":{"self":[{"href":"https:\/\/expertai2025.sitointest.it\/es\/wp-json\/wp\/v2\/pages\/47","targetHints":{"allow":["GET"]}}],"collection":[{"href":"https:\/\/expertai2025.sitointest.it\/es\/wp-json\/wp\/v2\/pages"}],"about":[{"href":"https:\/\/expertai2025.sitointest.it\/es\/wp-json\/wp\/v2\/types\/page"}],"author":[{"embeddable":true,"href":"https:\/\/expertai2025.sitointest.it\/es\/wp-json\/wp\/v2\/users\/1"}],"replies":[{"embeddable":true,"href":"https:\/\/expertai2025.sitointest.it\/es\/wp-json\/wp\/v2\/comments?post=47"}],"version-history":[{"count":2,"href":"https:\/\/expertai2025.sitointest.it\/es\/wp-json\/wp\/v2\/pages\/47\/revisions"}],"predecessor-version":[{"id":730,"href":"https:\/\/expertai2025.sitointest.it\/es\/wp-json\/wp\/v2\/pages\/47\/revisions\/730"}],"wp:attachment":[{"href":"https:\/\/expertai2025.sitointest.it\/es\/wp-json\/wp\/v2\/media?parent=47"}],"curies":[{"name":"wp","href":"https:\/\/api.w.org\/{rel}","templated":true}]}}